{"id":2304,"date":"2025-09-09T12:55:18","date_gmt":"2025-09-09T10:55:18","guid":{"rendered":"https:\/\/verhaegheproducts.be\/demande-de-devis\/demande-completee\/"},"modified":"2026-01-08T11:14:17","modified_gmt":"2026-01-08T10:14:17","slug":"demande-completee","status":"publish","type":"page","link":"https:\/\/verhaegheproducts.be\/fr\/demande-de-devis\/demande-completee\/","title":{"rendered":"Demande compl\u00e9t\u00e9e"},"content":{"rendered":"\t\t<div data-elementor-type=\"wp-page\" data-elementor-id=\"2304\" class=\"elementor elementor-2304 elementor-666\" data-elementor-post-type=\"page\">\n\t\t\t\t<div class=\"elementor-element elementor-element-e471253 e-flex e-con-boxed e-con e-parent\" data-id=\"e471253\" data-element_type=\"container\" data-e-type=\"container\" data-settings=\"{&quot;background_background&quot;:&quot;classic&quot;,&quot;jet_parallax_layout_list&quot;:[]}\">\n\t\t\t\t\t<div class=\"e-con-inner\">\n\t\t<div class=\"elementor-element elementor-element-3a3425b e-con-full e-flex e-con e-child\" data-id=\"3a3425b\" data-element_type=\"container\" data-e-type=\"container\" data-settings=\"{&quot;jet_parallax_layout_list&quot;:[]}\">\n\t\t\t\t<\/div>\n\t\t\t\t\t<\/div>\n\t\t\t\t<\/div>\n\t\t<div class=\"elementor-element elementor-element-ab92013 e-flex e-con-boxed e-con e-parent\" data-id=\"ab92013\" data-element_type=\"container\" data-e-type=\"container\" data-settings=\"{&quot;jet_parallax_layout_list&quot;:[]}\">\n\t\t\t\t\t<div class=\"e-con-inner\">\n\t\t\t\t<div class=\"elementor-element elementor-element-1ed31fa elementor-widget elementor-widget-heading\" data-id=\"1ed31fa\" data-element_type=\"widget\" data-e-type=\"widget\" data-widget_type=\"heading.default\">\n\t\t\t\t<div class=\"elementor-widget-container\">\n\t\t\t\t\t<h2 class=\"elementor-heading-title elementor-size-default\">Votre demande de devis a bien \u00e9t\u00e9 re\u00e7ue<\/h2>\t\t\t\t<\/div>\n\t\t\t\t<\/div>\n\t\t\t\t<div class=\"elementor-element elementor-element-b67344a elementor-widget elementor-widget-text-editor\" data-id=\"b67344a\" data-element_type=\"widget\" data-e-type=\"widget\" data-widget_type=\"text-editor.default\">\n\t\t\t\t<div class=\"elementor-widget-container\">\n\t\t\t\t\t\t\t\t\t<p>Nous vous remercions de l&rsquo;int\u00e9r\u00eat que vous portez \u00e0 nos machines. Nous avons bien re\u00e7u votre demande et nous nous y attelons imm\u00e9diatement. L&rsquo;un de nos collaborateurs vous \u00e9tablira un devis personnalis\u00e9. Vous pouvez vous attendre \u00e0 une proposition d\u00e9taill\u00e9e de notre part.   <\/p><p>Vous avez une question urgente \u00e0 poser entre-temps ? N&rsquo;h\u00e9sitez pas \u00e0 nous <a href=\"https:\/\/verhaegheproducts.be\/fr\/contact\/\">contacter<\/a>. <\/p>\t\t\t\t\t\t\t\t<\/div>\n\t\t\t\t<\/div>\n\t\t\t\t<div class=\"elementor-element elementor-element-6fc9481 elementor-align-center elementor-hidden-tablet elementor-hidden-mobile elementor-widget elementor-widget-button\" data-id=\"6fc9481\" data-element_type=\"widget\" data-e-type=\"widget\" data-widget_type=\"button.default\">\n\t\t\t\t<div class=\"elementor-widget-container\">\n\t\t\t\t\t\t\t\t\t<div class=\"elementor-button-wrapper\">\n\t\t\t\t\t<a class=\"elementor-button elementor-button-link elementor-size-sm\" href=\"\/\">\n\t\t\t\t\t\t<span class=\"elementor-button-content-wrapper\">\n\t\t\t\t\t\t\t\t\t<span class=\"elementor-button-text\">Page d'accueil<\/span>\n\t\t\t\t\t<\/span>\n\t\t\t\t\t<\/a>\n\t\t\t\t<\/div>\n\t\t\t\t\t\t\t\t<\/div>\n\t\t\t\t<\/div>\n\t\t\t\t\t<\/div>\n\t\t\t\t<\/div>\n\t\t\t\t<\/div>\n\t\t","protected":false},"excerpt":{"rendered":"<p>Votre demande de devis a bien \u00e9t\u00e9 re\u00e7ue Nous vous remercions de l&rsquo;int\u00e9r\u00eat que vous portez \u00e0 nos machines. Nous avons bien re\u00e7u votre demande et nous nous y attelons imm\u00e9diatement. L&rsquo;un de nos collaborateurs vous \u00e9tablira un devis personnalis\u00e9. Vous pouvez vous attendre \u00e0 une proposition d\u00e9taill\u00e9e de notre part. Vous avez une question [&hellip;]<\/p>\n","protected":false},"author":1,"featured_media":0,"parent":2287,"menu_order":0,"comment_status":"closed","ping_status":"closed","template":"elementor_header_footer","meta":{"footnotes":""},"class_list":["post-2304","page","type-page","status-publish","hentry"],"_links":{"self":[{"href":"https:\/\/verhaegheproducts.be\/fr\/wp-json\/wp\/v2\/pages\/2304","targetHints":{"allow":["GET"]}}],"collection":[{"href":"https:\/\/verhaegheproducts.be\/fr\/wp-json\/wp\/v2\/pages"}],"about":[{"href":"https:\/\/verhaegheproducts.be\/fr\/wp-json\/wp\/v2\/types\/page"}],"author":[{"embeddable":true,"href":"https:\/\/verhaegheproducts.be\/fr\/wp-json\/wp\/v2\/users\/1"}],"replies":[{"embeddable":true,"href":"https:\/\/verhaegheproducts.be\/fr\/wp-json\/wp\/v2\/comments?post=2304"}],"version-history":[{"count":1,"href":"https:\/\/verhaegheproducts.be\/fr\/wp-json\/wp\/v2\/pages\/2304\/revisions"}],"predecessor-version":[{"id":2310,"href":"https:\/\/verhaegheproducts.be\/fr\/wp-json\/wp\/v2\/pages\/2304\/revisions\/2310"}],"up":[{"embeddable":true,"href":"https:\/\/verhaegheproducts.be\/fr\/wp-json\/wp\/v2\/pages\/2287"}],"wp:attachment":[{"href":"https:\/\/verhaegheproducts.be\/fr\/wp-json\/wp\/v2\/media?parent=2304"}],"curies":[{"name":"wp","href":"https:\/\/api.w.org\/{rel}","templated":true}]}}